{"id":17,"date":"2007-03-25T00:40:16","date_gmt":"2007-03-24T23:40:16","guid":{"rendered":"http:\/\/www.steve-meier.de\/?page_id=17"},"modified":"2010-06-16T00:52:41","modified_gmt":"2010-06-15T23:52:41","slug":"gratis-die-beste-software-fur-den-mac","status":"publish","type":"page","link":"https:\/\/www.steve-meier.de\/?page_id=17","title":{"rendered":"Die beste Software f\u00fcr den Mac"},"content":{"rendered":"<p>Nachdem ich nun mein neues MacBook mit Software ausgestattet habe, m\u00f6chte ich hier einmal eine Liste der besten Programme f\u00fcr den Mac zusammenstellen. Das Beste: alle sind kostenfrei !<\/p>\n<p><a href=\"http:\/\/www.adiumx.com\">AdiumX<\/a><br \/>\nDer Instant-Messenger Client f\u00fcr OS X. AIM, ICQ, Yahoo, MSN, und viele andere unter einem Dach.<\/p>\n<p><a href=\"http:\/\/www.cyberduck.ch\">Cyberduck<\/a><br \/>\nWenn Daten von einem Rechner auf den Anderen m\u00fcssen ist Cyberduck das Tool der Wahl. Egal ob FTP, FTP-SSL oder SFTP, die Ente macht&#8217;s.<\/p>\n<p><a href=\"http:\/\/www.getfirefox.com\">Firefox<\/a><br \/>\nMuss man dazu noch etwas sagen ? Durch seine unz\u00e4hligen Plug-Ins sicher der flexibelste Browser.<\/p>\n<p><a href=\"http:\/\/quicksilver.blacktree.com\">Quicksilver<\/a><br \/>\nProgramme, Verzeichnisse oder Dateien suchen und \u00f6ffnen, ohne die H\u00e4nde von der Tastatur nehmen zu m\u00fcssen: Quicksilver machts m\u00f6glich. Es wird \u00fcber einen Hot-Key aktiviert und merkt sich die beliebtesten Applikationen.<\/p>\n<p><a href=\"http:\/\/www.neooffice.org\">NeoOffice<\/a><br \/>\nDa OpenOffice noch nicht nativ auf dem Mac l\u00e4uft hilft NeoOffice aus. Es integriert sich nahtlos in OS X und macht MS Office \u00fcberfl\u00fcssig.<\/p>\n<p><a href=\"http:\/\/www.videolan.org\">VLC Player<\/a><br \/>\nEin wirklich universaler Player. Er spielt nahezu alle Formate, und ist dabei sehr schlank. Deutlich besser als QuickTime und noch einen Tick besser als MPlayer OSX.<\/p>\n<p><a href=\"http:\/\/www.shirt-pocket.com\/SuperDuper\">SuperDuper<\/a><br \/>\nDer Name ist Programm: Ein simples Backup-Programm, das einem nahezu alle Arbeit abnimmt. Es speichert eine Kopie der Festplatte auf einer externen Platte oder im Netzwerk und macht so eine Wiederherstellung einfach.<\/p>\n<p><a href=\"http:\/\/macgpg.sf.net\">MacGPG<\/a><br \/>\nLeider unterst\u00fctzt Mail standardm\u00e4\u00dfig keine GPG-Verschl\u00fcsselung. MacGPG integriert GPG (auf Basis von GnuPG) und macht so das Lesen und Versenden von signierten und\/oder verschl\u00fcsselten Mails m\u00f6glich.<\/p>\n<p><a href=\"http:\/\/www.vidalia-project.net\">Vidalia<\/a><br \/>\nEin grafisches Frontend f\u00fcr TOR, das Anonymisierungsnetzwerk. Nach dem Start von Vidalia kann TOR z.b. in Firefox aktiviert werden um so m\u00f6glichst wenig Spuren im WWW zu hinterlassen.<\/p>\n<p><a href=\"http:\/\/iterm.sf.net\">iTerm<\/a><br \/>\nEin sch\u00f6nes Terminal-Programm mit Transparenz, Tab-Support und anderen n\u00fctzlichen Features.<\/p>\n<p><a href=\"http:\/\/www.rogueamoeba.com\/audiohijack\">Audio Hijack<\/a><br \/>\nnimmt den Sound einzelner Applikationen im AIFF-Format auf. Damit lassen sich beispielsweise Internet-Radios mitschneiden oder Skype-Gespr\u00e4che aufzeichnen.<\/p>\n<p><a href=\"http:\/\/audacity.sf.net\">Audacity<\/a><br \/>\nhilft beim Schneiden, mischen und konvertieren von Audio-Aufnahmen.<\/p>\n<p><a href=\"http:\/\/www.stalkingwolf.net\/software\/cocoviewx\">CocoViewX<\/a><br \/>\nEin flotter Bild-Betrachter nach dem Vorbild von ACDSee. Im Gegensatz zu Preview lassen sich hiermit Verzeichnisse einfach durchsehen oder in Slideshows abspielen.<\/p>\n<p><a href=\"http:\/\/www.kismac.de\">KisMAC<\/a><br \/>\nsucht und sammelt Informationen zu verf\u00fcgbaren Wireless LANs. Eine Portierung des bekannten Kismet aus der Linux-Welt.<\/p>\n<p><a href=\"http:\/\/www.mactheripper.org\">MacTheRipper<\/a><br \/>\nErstellt Sicherheitskopien von DVDs. Einfach die DVD einlegen, einen Ordner auf der Festplatte aussuchen und los gehts. Im Gegensatz zu anderen Programmen f\u00fchrt MTR keine Konvertierung durch, daf\u00fcr gibt es jedoch zus\u00e4tzliche Tools.<\/p>\n<p><a href=\"http:\/\/handbrake.m0k.org\">HandBrake\/MediaFork<\/a><br \/>\nkonvertiert verschiedenste Videodateien (z.B. VOB) in unterschiedliche Formate. Das Programm ist leider etwas langsam, liefert aber sehr gute Ergebnisse.<\/p>\n<p><a href=\"http:\/\/www.squared5.com\/svideo\/mpeg-streamclip-mac.html\">MPEG Streamclip<\/a><br \/>\nEin wunderbar einfaches Werkzeug um verschiedene Videoformate zu bearbeiten. Ich benutze es bspw. um die Werbung aus digitalen TV-Mitschnitten zu entfernen.<\/p>\n<p><a href=\"http:\/\/xchataqua.sf.net\">X-Chat Aqua<\/a><br \/>\nist eine Mac-Portierung des bekannten Linux IRC-Programms. Es erlaubt simultane Verbindungen zu mehreren Servern und Kan\u00e4len.<\/p>\n<p><a href=\"http:\/\/www.sshkeychain.org\">SSHKeychain<\/a><br \/>\nerlaubt die einfache Verwaltung von SSH-Schl\u00fcsseln und stellt diese via SSH-Agent bereit. Wer h\u00e4ufig mit SSH (egal ob in Terminal, iTerm, etc.) arbeitet kann mit diesem Programm sehr viel Tipparbeit sparen.<\/p>\n<p><a href=\"http:\/\/www.metaquark.de\/appfresh\">AppFresh<\/a><br \/>\nbringt alle installierten Programme mit wenigen Mausklicks auf den aktuellensten Stand. Nicht ganz so schnell wie apt-get, aber fast genau so sch\u00f6n.<\/p>\n<p><a href=\"http:\/\/www.opencommunity.co.uk\/vienna2.php\">Vienna<\/a><br \/>\nist ein RSS-Reader der alle Feeds \u00fcbersichtlich darstellt. Die Benutzung ist denkbar einfach und ist auch f\u00fcr RSS-Neulinge kein Problem.<\/p>\n<p><a href=\"http:\/\/burn-osx.sourceforge.net\/\">Burn<\/a><br \/>\nWem Toast oder andere Brennprogramme zu aufgeblasen (oder zu teuer) sind, der findet mit Burn die wichtigsten Funktionen in einem kostenlosen App. <\/p>\n<p><a href=\"http:\/\/www.transmissionbt.com\/\">Transmission<\/a><br \/>\nist der wohl beliebteste BitTorrent-Client f\u00fcr den Mac. Im Gegensatz zu Vuze (fr\u00fcher Azureus) ist er sehr schlank und flott.<\/p>\n<p><a href=\"http:\/\/www.nambu.com\/\">Nambu<\/a><br \/>\nist ein kostenloser Twitter-Client im OSX-Look. Ich hatte vorher Tweetie im Einsatz, aber Nambu liefert scheinbar den selben Funktionsumfang allerdings ohne Werbung.<\/p>\n","protected":false},"excerpt":{"rendered":"<p>Nachdem ich nun mein neues MacBook mit Software ausgestattet habe, m\u00f6chte ich hier einmal eine Liste der besten Programme f\u00fcr den Mac zusammenstellen. Das Beste: alle sind kostenfrei ! AdiumX Der Instant-Messenger Client&#8230;<\/p>\n","protected":false},"author":1,"featured_media":0,"parent":0,"menu_order":0,"comment_status":"open","ping_status":"open","template":"","meta":{"footnotes":""},"_links":{"self":[{"href":"https:\/\/www.steve-meier.de\/index.php?rest_route=\/wp\/v2\/pages\/17"}],"collection":[{"href":"https:\/\/www.steve-meier.de\/index.php?rest_route=\/wp\/v2\/pages"}],"about":[{"href":"https:\/\/www.steve-meier.de\/index.php?rest_route=\/wp\/v2\/types\/page"}],"author":[{"embeddable":true,"href":"https:\/\/www.steve-meier.de\/index.php?rest_route=\/wp\/v2\/users\/1"}],"replies":[{"embeddable":true,"href":"https:\/\/www.steve-meier.de\/index.php?rest_route=%2Fwp%2Fv2%2Fcomments&post=17"}],"version-history":[{"count":5,"href":"https:\/\/www.steve-meier.de\/index.php?rest_route=\/wp\/v2\/pages\/17\/revisions"}],"predecessor-version":[{"id":148,"href":"https:\/\/www.steve-meier.de\/index.php?rest_route=\/wp\/v2\/pages\/17\/revisions\/148"}],"wp:attachment":[{"href":"https:\/\/www.steve-meier.de\/index.php?rest_route=%2Fwp%2Fv2%2Fmedia&parent=17"}],"curies":[{"name":"wp","href":"https:\/\/api.w.org\/{rel}","templated":true}]}}